{"id":5,"date":"2017-02-22T18:36:28","date_gmt":"2017-02-22T18:36:28","guid":{"rendered":"http:\/\/localhost:8080\/anervi\/?page_id=5"},"modified":"2017-02-22T18:50:00","modified_gmt":"2017-02-22T18:50:00","slug":"home","status":"publish","type":"page","link":"https:\/\/www.anervi.com\/index.php\/home\/","title":{"rendered":"home"},"content":{"rendered":"<p>ANERVI (Asociaci\u00f3n Nacional de Empresas de Veh\u00edculos Industriales), es una entidad que agrupa a m\u00e1s del 80% de las empresas espa\u00f1olas especializadas en el reciclaje de veh\u00edculos industriales (camiones, tractores, autobuses,\u2026).<\/p>\n<p>Las empresas asociadas a ANERVI, cumplen escrupulosamente la legislaci\u00f3n vigente, tratando medioambientalmente los veh\u00edculos industriales fuera de uso, para su reciclaje y posterior aprovechamiento de las piezas reutilizables.<\/p>\n<p>Todas las empresas asociadas est\u00e1n debidamente autorizadas por las autoridades competentes, disponiendo de los permisos otorgados por \u00e9stas.<\/p>\n<p>Su misi\u00f3n es trabajar en beneficio del conjunto del sector fundacional fundacional tanto a corto como a medio y largo plazo, en pro de su desarrollo y fortalecimiento.<\/p>\n","protected":false},"excerpt":{"rendered":"<p>ANERVI (Asociaci\u00f3n Nacional de Empresas de Veh\u00edculos Industriales), es una entidad que agrupa a m\u00e1s del 80% de las empresas espa\u00f1olas especializadas en el reciclaje de veh\u00edculos industriales (camiones, tractores, autobuses,\u2026). Las empresas asociadas a ANERVI, cumplen escrupulosamente la legislaci\u00f3n vigente, tratando medioambientalmente los veh\u00edculos&#8230;<\/p>\n","protected":false},"author":3,"featured_media":0,"parent":0,"menu_order":0,"comment_status":"closed","ping_status":"closed","template":"","meta":[],"_links":{"self":[{"href":"https:\/\/www.anervi.com\/index.php\/wp-json\/wp\/v2\/pages\/5"}],"collection":[{"href":"https:\/\/www.anervi.com\/index.php\/wp-json\/wp\/v2\/pages"}],"about":[{"href":"https:\/\/www.anervi.com\/index.php\/wp-json\/wp\/v2\/types\/page"}],"author":[{"embeddable":true,"href":"https:\/\/www.anervi.com\/index.php\/wp-json\/wp\/v2\/users\/3"}],"replies":[{"embeddable":true,"href":"https:\/\/www.anervi.com\/index.php\/wp-json\/wp\/v2\/comments?post=5"}],"version-history":[{"count":2,"href":"https:\/\/www.anervi.com\/index.php\/wp-json\/wp\/v2\/pages\/5\/revisions"}],"predecessor-version":[{"id":19,"href":"https:\/\/www.anervi.com\/index.php\/wp-json\/wp\/v2\/pages\/5\/revisions\/19"}],"wp:attachment":[{"href":"https:\/\/www.anervi.com\/index.php\/wp-json\/wp\/v2\/media?parent=5"}],"curies":[{"name":"wp","href":"https:\/\/api.w.org\/{rel}","templated":true}]}}