{"id":50386,"date":"2015-03-18T16:01:20","date_gmt":"2015-03-18T16:01:20","guid":{"rendered":"http:\/\/demo.select-themes.com\/brick12\/?page_id=50386"},"modified":"2017-03-13T18:20:03","modified_gmt":"2017-03-13T18:20:03","slug":"about-me","status":"publish","type":"page","link":"https:\/\/www.anervi.com\/index.php\/about-me\/","title":{"rendered":"ANERVI"},"content":{"rendered":"<p>[vc_row type=\u00bbgrid\u00bb text_align=\u00bbcenter\u00bb padding_top=\u00bb40&#8243; oblique_section=\u00bbno\u00bb oblique_section_top_and_bottom=\u00bbboth\u00bb oblique_section_position=\u00bbfrom_left_to_right\u00bb triangle_shape=\u00bbno\u00bb triangle_shape_position=\u00bbboth\u00bb el_class=\u00bbanervi_info\u00bb][vc_column][vc_column_text]<\/p>\n<h1>ASOCIACI\u00d3N NACIONAL DE EMPRESAS DE VEH\u00cdCULOS INDUSTRIALES<\/h1>\n<p>[\/vc_column_text][\/vc_column][\/vc_row][vc_row type=\u00bbgrid\u00bb padding_top=\u00bb50&#8243; padding_bottom=\u00bb50&#8243; oblique_section=\u00bbno\u00bb oblique_section_top_and_bottom=\u00bbboth\u00bb oblique_section_position=\u00bbfrom_left_to_right\u00bb triangle_shape=\u00bbno\u00bb triangle_shape_position=\u00bbboth\u00bb][vc_column width=\u00bb5\/6&#8243; offset=\u00bbvc_col-md-offset-0 vc_col-md-4 vc_col-sm-offset-1 vc_col-xs-12&#8243;]<div class='q_icon_with_title tiny circle animation_zoom' ><div class=\"icon_holder \" style=\" \"><div class=\"icon_holder_inner\"><span class=\"qode_icon_stack qode_tiny_icon  custom-font\" style=\"font-size: 20px;\"><i class=\"qode_icon_font_awesome fa fa-gavel icon_text_icon qode_icon_stack_1x\" style=\"font-size: 20px;\" ><\/i><\/span><\/div><\/div><div class=\"icon_text_holder\" style=\"padding-left: 95px;\"><div class=\"icon_title_inner_holder\"><h5 class=\"icon_title \" style=\"\">Legislaci\u00f3n<\/h5><\/div><div class=\"icon_text_inner\" style=\"\"><p style=''>Las empresas asociadas a ANERVI, cumplen escrupulosamente la legislaci\u00f3n vigente, tratando medioambientalmente los veh\u00edculos industriales fuera de uso, para su reciclaje y posterior aprovechamiento de las piezas reutilizables.<\/p><\/div><\/div><\/div>[vc_separator type=\u00bbtransparent\u00bb up=\u00bb50&#8243; down=\u00bb0&#8243;][\/vc_column][vc_column width=\u00bb5\/6&#8243; offset=\u00bbvc_col-md-offset-0 vc_col-md-4 vc_col-sm-offset-1 vc_col-xs-12&#8243;]<div class='q_icon_with_title tiny circle animation_zoom' ><div class=\"icon_holder \" style=\" \"><div class=\"icon_holder_inner\"><span class=\"qode_icon_stack qode_tiny_icon  custom-font\" style=\"font-size: 20px;\"><i class=\"qode_icon_font_awesome fa fa-file-archive-o icon_text_icon qode_icon_stack_1x\" style=\"font-size: 20px;\" ><\/i><\/span><\/div><\/div><div class=\"icon_text_holder\" style=\"padding-left: 95px;\"><div class=\"icon_title_inner_holder\"><h5 class=\"icon_title \" style=\"\">Permisos<\/h5><\/div><div class=\"icon_text_inner\" style=\"\"><p style=''>Todas las empresas asociadas est\u00e1n debidamente autorizadas por las autoridades competentes, disponiendo de los permisos otorgados por \u00e9stas.<\/p><\/div><\/div><\/div>[vc_separator type=\u00bbtransparent\u00bb up=\u00bb50&#8243; down=\u00bb0&#8243;][\/vc_column][vc_column width=\u00bb5\/6&#8243; offset=\u00bbvc_col-md-offset-0 vc_col-md-4 vc_col-sm-offset-1 vc_col-xs-12&#8243;]<div class='q_icon_with_title tiny circle animation_zoom' ><div class=\"icon_holder \" style=\" \"><div class=\"icon_holder_inner\"><span class=\"qode_icon_stack qode_tiny_icon  custom-font\" style=\"font-size: 20px;\"><i class=\"qode_icon_font_awesome fa fa-users icon_text_icon qode_icon_stack_1x\" style=\"font-size: 20px;\" ><\/i><\/span><\/div><\/div><div class=\"icon_text_holder\" style=\"padding-left: 95px;\"><div class=\"icon_title_inner_holder\"><h5 class=\"icon_title \" style=\"\">Beneficio conjunto<\/h5><\/div><div class=\"icon_text_inner\" style=\"\"><p style=''>Su misi\u00f3n es trabajar en beneficio del conjunto del sector fundacional fundacional tanto a corto como a medio y largo plazo, en pro de su desarrollo y fortalecimiento.<\/p><\/div><\/div><\/div>[vc_separator type=\u00bbtransparent\u00bb up=\u00bb50&#8243; down=\u00bb0&#8243;][\/vc_column][\/vc_row][vc_row row_type=\u00bbparallax\u00bb type=\u00bbgrid\u00bb background_image=\u00bb50730&#8243; section_height=\u00bb200&#8243; oblique_section=\u00bbno\u00bb oblique_section_top_and_bottom=\u00bbboth\u00bb oblique_section_position=\u00bbfrom_left_to_right\u00bb triangle_shape=\u00bbno\u00bb triangle_shape_position=\u00bbboth\u00bb][vc_column css=\u00bb.vc_custom_1489088401778{padding-top: 20px !important;padding-bottom: 20px !important;}\u00bb][vc_column_text el_class=\u00bbobjectius\u00bb]<\/p>\n<h2>LOS OBJETIVOS PRINCIPALES DE ANERVI SON<\/h2>\n<h2>[\/vc_column_text][\/vc_column][\/vc_row][vc_row type=\u00bbgrid\u00bb padding_top=\u00bb40&#8243; padding_bottom=\u00bb40&#8243;][vc_column width=\u00bb1\/3&#8243;]<div class='q_icon_with_title  normal_icon' ><div class=\"icon_holder \" style=\" \"><div class=\"icon_holder_inner\"><span class=\"qode_icon_stack qode_tiny_icon \" style=\"font-size: 30px;\"><i class=\"qode_icon_font_awesome fa  icon_text_icon qode_icon_stack_1x\" style=\"font-size: 30px;\" ><\/i><\/span><\/div><\/div><div class=\"icon_text_holder\" style=\"padding-left: 86px;\"><div class=\"icon_title_inner_holder\"><h5 class=\"icon_title \" style=\"\">INFORMACI\u00d3N<\/h5><\/div><div class=\"icon_text_inner\" style=\"\"><p style=''>Informar a todos los asociados de todos aquellos aspectos que le son de inter\u00e9s y aplicaci\u00f3n.<\/p><\/div><\/div><\/div><div class='q_icon_with_title  normal_icon' ><div class=\"icon_holder \" style=\" \"><div class=\"icon_holder_inner\"><span class=\"qode_icon_stack qode_tiny_icon \" style=\"font-size: 30px;\"><i class=\"qode_icon_font_awesome fa  icon_text_icon qode_icon_stack_1x\" style=\"font-size: 30px;\" ><\/i><\/span><\/div><\/div><div class=\"icon_text_holder\" style=\"padding-left: 86px;\"><div class=\"icon_title_inner_holder\"><h5 class=\"icon_title \" style=\"\">DEFENSA<\/h5><\/div><div class=\"icon_text_inner\" style=\"\"><p style=''>La defensa de los intereses generales de las empresas asociadas, luchando contra el intrusismo y la competencia desleal. La defensa del medio ambiente desde el \u00e1mbito de las empresas asociadas.<\/p><\/div><\/div><\/div>[vc_column_text][\/vc_column_text][\/vc_column][vc_column width=\u00bb1\/3&#8243;]<div class='q_icon_with_title  normal_icon' ><div class=\"icon_holder \" style=\" \"><div class=\"icon_holder_inner\"><span class=\"qode_icon_stack qode_tiny_icon \" style=\"font-size: 30px;\"><i class=\"qode_icon_font_awesome fa  icon_text_icon qode_icon_stack_1x\" style=\"font-size: 30px;\" ><\/i><\/span><\/div><\/div><div class=\"icon_text_holder\" style=\"padding-left: 86px;\"><div class=\"icon_title_inner_holder\"><h5 class=\"icon_title \" style=\"\">NEGOCIACI\u00d3N<\/h5><\/div><div class=\"icon_text_inner\" style=\"\"><p style=''>La negociaci\u00f3n conjunta frente a todas las instituciones, p\u00fablicas o privadas<\/p><\/div><\/div><\/div><div class='q_icon_with_title  normal_icon' ><div class=\"icon_holder \" style=\" \"><div class=\"icon_holder_inner\"><span class=\"qode_icon_stack qode_tiny_icon \" style=\"font-size: 30px;\"><i class=\"qode_icon_font_awesome fa  icon_text_icon qode_icon_stack_1x\" style=\"font-size: 30px;\" ><\/i><\/span><\/div><\/div><div class=\"icon_text_holder\" style=\"padding-left: 86px;\"><div class=\"icon_title_inner_holder\"><h5 class=\"icon_title \" style=\"\">GESTIONES T\u00c9CNICAS<\/h5><\/div><div class=\"icon_text_inner\" style=\"\"><p style=''>Realizar los estudios, tr\u00e1mites y gestiones necesarias para el desarrollo t\u00e9cnico y comercial de recuperaci\u00f3n de Veh\u00edculos Industriales y, aquellas de tipo general, que afecten al sector.<\/p><\/div><\/div><\/div>[\/vc_column][vc_column width=\u00bb1\/3&#8243;]<div class='q_icon_with_title  normal_icon' ><div class=\"icon_holder \" style=\" \"><div class=\"icon_holder_inner\"><span class=\"qode_icon_stack qode_tiny_icon \" style=\"font-size: 30px;\"><i class=\"qode_icon_font_awesome fa  icon_text_icon qode_icon_stack_1x\" style=\"font-size: 30px;\" ><\/i><\/span><\/div><\/div><div class=\"icon_text_holder\" style=\"padding-left: 86px;\"><div class=\"icon_title_inner_holder\"><h5 class=\"icon_title \" style=\"\">CONTACTOS<\/h5><\/div><div class=\"icon_text_inner\" style=\"\"><p style=''>Establecer y facilitar contactos con otras empresas y entidades, incluidas las extranjeras.<\/p><\/div><\/div><\/div><div class='q_icon_with_title  normal_icon' ><div class=\"icon_holder \" style=\" \"><div class=\"icon_holder_inner\"><span class=\"qode_icon_stack qode_tiny_icon \" style=\"font-size: 30px;\"><i class=\"qode_icon_font_awesome fa  icon_text_icon qode_icon_stack_1x\" style=\"font-size: 30px;\" ><\/i><\/span><\/div><\/div><div class=\"icon_text_holder\" style=\"padding-left: 86px;\"><div class=\"icon_title_inner_holder\"><h5 class=\"icon_title \" style=\"\">NUEVAS TECNOLOG\u00cdAS<\/h5><\/div><div class=\"icon_text_inner\" style=\"\"><p style=''>Promocionar la b\u00fasqueda de nuevas tecnolog\u00edas y procesos en el sector del desguace de veh\u00edculos industriales.<\/p><\/div><\/div><\/div>[\/vc_column][\/vc_row][vc_row][vc_column][vc_column_text]<\/h2>\n<p>[\/vc_column_text][\/vc_column][\/vc_row]<\/p>\n","protected":false},"excerpt":{"rendered":"<p>[vc_row type=\u00bbgrid\u00bb text_align=\u00bbcenter\u00bb padding_top=\u00bb40&#8243; oblique_section=\u00bbno\u00bb oblique_section_top_and_bottom=\u00bbboth\u00bb oblique_section_position=\u00bbfrom_left_to_right\u00bb triangle_shape=\u00bbno\u00bb triangle_shape_position=\u00bbboth\u00bb el_class=\u00bbanervi_info\u00bb][vc_column][vc_column_text] ASOCIACI\u00d3N NACIONAL DE EMPRESAS DE VEH\u00cdCULOS INDUSTRIALES [\/vc_column_text][\/vc_column][\/vc_row][vc_row type=\u00bbgrid\u00bb padding_top=\u00bb50&#8243; padding_bottom=\u00bb50&#8243; oblique_section=\u00bbno\u00bb oblique_section_top_and_bottom=\u00bbboth\u00bb oblique_section_position=\u00bbfrom_left_to_right\u00bb triangle_shape=\u00bbno\u00bb triangle_shape_position=\u00bbboth\u00bb][vc_column width=\u00bb5\/6&#8243; offset=\u00bbvc_col-md-offset-0 vc_col-md-4 vc_col-sm-offset-1 vc_col-xs-12&#8243;][vc_separator type=\u00bbtransparent\u00bb up=\u00bb50&#8243; down=\u00bb0&#8243;][\/vc_column][vc_column width=\u00bb5\/6&#8243; offset=\u00bbvc_col-md-offset-0 vc_col-md-4 vc_col-sm-offset-1 vc_col-xs-12&#8243;][vc_separator type=\u00bbtransparent\u00bb up=\u00bb50&#8243; down=\u00bb0&#8243;][\/vc_column][vc_column width=\u00bb5\/6&#8243; offset=\u00bbvc_col-md-offset-0 vc_col-md-4&#8230;<\/p>\n","protected":false},"author":3,"featured_media":0,"parent":0,"menu_order":0,"comment_status":"open","ping_status":"open","template":"full_width.php","meta":[],"_links":{"self":[{"href":"https:\/\/www.anervi.com\/index.php\/wp-json\/wp\/v2\/pages\/50386"}],"collection":[{"href":"https:\/\/www.anervi.com\/index.php\/wp-json\/wp\/v2\/pages"}],"about":[{"href":"https:\/\/www.anervi.com\/index.php\/wp-json\/wp\/v2\/types\/page"}],"author":[{"embeddable":true,"href":"https:\/\/www.anervi.com\/index.php\/wp-json\/wp\/v2\/users\/3"}],"replies":[{"embeddable":true,"href":"https:\/\/www.anervi.com\/index.php\/wp-json\/wp\/v2\/comments?post=50386"}],"version-history":[{"count":47,"href":"https:\/\/www.anervi.com\/index.php\/wp-json\/wp\/v2\/pages\/50386\/revisions"}],"predecessor-version":[{"id":50846,"href":"https:\/\/www.anervi.com\/index.php\/wp-json\/wp\/v2\/pages\/50386\/revisions\/50846"}],"wp:attachment":[{"href":"https:\/\/www.anervi.com\/index.php\/wp-json\/wp\/v2\/media?parent=50386"}],"curies":[{"name":"wp","href":"https:\/\/api.w.org\/{rel}","templated":true}]}}